{"id":38,"date":"2020-04-27T21:28:42","date_gmt":"2020-04-27T21:28:42","guid":{"rendered":"https:\/\/ryancv-demo.bslthemes.com\/?page_id=29"},"modified":"2026-01-27T15:26:51","modified_gmt":"2026-01-27T13:26:51","slug":"inicio","status":"publish","type":"page","link":"https:\/\/www.joluga.es\/cv\/","title":{"rendered":"Inicio"},"content":{"rendered":"\t\t<div data-elementor-type=\"wp-page\" data-elementor-id=\"38\" class=\"elementor elementor-38\">\n\t\t\t\t\t\t<section class=\"elementor-section elementor-top-section elementor-element elementor-element-1368f2f elementor-section-full_width elementor-section-height-default elementor-section-height-default\" data-id=\"1368f2f\" data-element_type=\"section\">\n\t\t\t\t\t\t<div class=\"elementor-container elementor-column-gap-no\">\n\t\t\t\t\t<div class=\"elementor-column elementor-col-100 elementor-top-column elementor-element elementor-element-8d69b8b\" data-id=\"8d69b8b\" data-element_type=\"column\">\n\t\t\t<div class=\"elementor-widget-wrap elementor-element-populated\">\n\t\t\t\t\t\t<div class=\"elementor-element elementor-element-b939dc4 elementor-widget elementor-widget-ryancv-about-me\" data-id=\"b939dc4\" data-element_type=\"widget\" data-widget_type=\"ryancv-about-me.default\">\n\t\t\t\t<div class=\"elementor-widget-container\">\n\t\t\t\t\t\n\t\t<!-- About -->\n\t\t<div class=\"content about\">\n\n\t\t\t\t\t\t<!-- title -->\n\t\t\t<div class=\"title\">\n\t\t\t\t<span >\u00bfQu\u00e9 tal? \u00a1Con\u00f3ceme un poco m\u00e1s!<\/span>\n\t\t\t<\/div>\n\t\t\t\n\t\t\t<!-- content -->\n\t\t\t<div class=\"row\">\n\t\t\t\t\n\t\t\t\t\t\t\t\t<div class=\"col col-d-12 col-t-12 col-m-12 border-line-v\">\n\t\t\t\t\t<div class=\"text-box\">\n\t\t\t\t\t\t<div >Soy un apasionado de la tecnolog\u00eda, especialmente de los ordenadores, y desde 2003 trabajo en el sector de la reparaci\u00f3n de dispositivos tecnol\u00f3gicos, desarrollando una base t\u00e9cnica s\u00f3lida y una visi\u00f3n muy pr\u00e1ctica de c\u00f3mo funcionan las cosas.\n<p style=\"margin-top: 1rem\">En 2012 asum\u00ed la responsabilidad de cuidar de familiares enfermos y dependientes, una etapa que marc\u00f3 mi crecimiento personal y reforz\u00f3 mi compromiso con generar un impacto positivo en mi entorno.<\/p>\n<p>En 2013 cre\u00e9 <em>X La Tangente<\/em>, una revista online que en 2022 evolucion\u00f3 a <em>La Taronja Friki<\/em>, asociaci\u00f3n cultural sin \u00e1nimo de lucro. En 2023 impuls\u00e9 la acci\u00f3n ben\u00e9fica <em>Dulces Sue\u00f1os<\/em>, orientada a ayudar a quienes m\u00e1s lo necesitan.<\/p>\n<p>No me define un cargo concreto. A lo largo de mi trayectoria he combinado reparaci\u00f3n tecnol\u00f3gica, creatividad, organizaci\u00f3n de eventos y gesti\u00f3n de equipos. Busco entornos donde se valore no solo lo que hago, sino c\u00f3mo lo hago.<\/p>\n<p style=\"margin-top: 1rem\">Como dijo Doc Emmett Brown:<\/p>\n<p style=\"text-align: center;margin-top: 0.35rem\"><em>\u201cEl futuro no est\u00e1 escrito. Depende de nosotros lo que hagamos hoy para cambiarlo.\u201d<\/em><\/p>\n<p style=\"margin-top: 1rem\">En resumen, soy un entusiasta de la tecnolog\u00eda con un coraz\u00f3n solidario, dispuesto a poner mis habilidades al servicio de causas que realmente importan. Si buscas a alguien apasionado y comprometido, \u00a1aqu\u00ed me tienes!.<\/p>\n<p style=\"text-align: center;margin-top: 1rem\"><em><strong>Juntos podemos hacer grandes cosas.<\/strong><\/em><\/p><\/div>\n\t\t\t\t\t<\/div>\n\t\t\t\t<\/div>\n\t\t\t\t\n\t\t\t\t\n\t\t\t\t<div class=\"clear\"><\/div>\n\t\t\t<\/div>\n\n\t\t<\/div>\n\n\t\t\t\t\t\t<\/div>\n\t\t\t\t<\/div>\n\t\t\t\t\t<\/div>\n\t\t<\/div>\n\t\t\t\t\t<\/div>\n\t\t<\/section>\n\t\t\t\t<section class=\"elementor-section elementor-top-section elementor-element elementor-element-ac2a78f elementor-section-full_width elementor-section-height-default elementor-section-height-default\" data-id=\"ac2a78f\" data-element_type=\"section\">\n\t\t\t\t\t\t<div class=\"elementor-container elementor-column-gap-no\">\n\t\t\t\t\t<div class=\"elementor-column elementor-col-100 elementor-top-column elementor-element elementor-element-15d3f26\" data-id=\"15d3f26\" data-element_type=\"column\">\n\t\t\t<div class=\"elementor-widget-wrap elementor-element-populated\">\n\t\t\t\t\t\t<div class=\"elementor-element elementor-element-7412363 elementor-widget elementor-widget-ryancv-services\" data-id=\"7412363\" data-element_type=\"widget\" data-widget_type=\"ryancv-services.default\">\n\t\t\t\t<div class=\"elementor-widget-container\">\n\t\t\t\t\t\n\t\t<!-- Services -->\n\t\t<div class=\"content services styled-gradient\">\n\n\t\t\t\t\t\t<!-- title -->\n\t\t\t<div class=\"title\">\n\t\t\t\t<span >\u00bfQu\u00e9 hago?<\/span>\n\t\t\t<\/div>\n\t\t\t\n\t\t\t\t\t\t<!-- content -->\n\t\t\t<div class=\"row service-items border-line-v\">\n\n\t\t\t\t\t\t\t\t<!-- service item -->\n\t\t\t\t<div class=\"col col-d-6 col-t-6 col-m-12 border-line-h\">\n\t\t\t\t\t<div class=\"service-item\">\n\t\t\t\t\t\t\t\t\t\t\t\t\t\t\t\t\t\t\t\t\t<div class=\"icon\">\n\t\t\t\t\t\t\t\t\t\t\t\t\t\t\t\t\t\t<svg aria-hidden=\"true\" class=\"e-font-icon-svg e-fas-screwdriver\" viewBox=\"0 0 512 512\" xmlns=\"http:\/\/www.w3.org\/2000\/svg\"><path d=\"M448 0L320 96v62.06l-83.03 83.03c6.79 4.25 13.27 9.06 19.07 14.87 5.8 5.8 10.62 12.28 14.87 19.07L353.94 192H416l96-128-64-64zM128 278.59L10.92 395.67c-14.55 14.55-14.55 38.15 0 52.71l52.7 52.7c14.56 14.56 38.15 14.56 52.71 0L233.41 384c29.11-29.11 29.11-76.3 0-105.41s-76.3-29.11-105.41 0z\"><\/path><\/svg>\t\t\t\t\t\t\t\t\t\t\t\t\t\t\t\t\t<\/div>\n\t\t\t\t\t\t\t\t\t\t\t\t\t\t\t\t\t\t\t\t\t\t\t\t\t\t\t\t\t\t\t\t\t\t<div class=\"name\">\n\t\t\t\t\t\t\t\t\t<span >\n\t\t\t\t\t\t\t\t\t\tReparaci\u00f3n Tecnol\u00f3gica\t\t\t\t\t\t\t\t\t<\/span>\n\t\t\t\t\t\t\t\t<\/div>\n\t\t\t\t\t\t\t\t\t\t\t\t\t\t\t\t\t\t\t\t\t\t\t\t\t\t<div class=\"desc\">\n\t\t\t\t\t\t\t\t<div >\n\t\t\t\t\t\t\t\t\t<p>Reparaci\u00f3n de equipos electr\u00f3nicos.<\/p>\t\t\t\t\t\t\t\t<\/div>\n\t\t\t\t\t\t\t<\/div>\n\t\t\t\t\t\t\t\t\t\t\t<\/div>\n\t\t\t\t<\/div>\n\t\t\t\t\t\t\t\t<!-- service item -->\n\t\t\t\t<div class=\"col col-d-6 col-t-6 col-m-12 border-line-h\">\n\t\t\t\t\t<div class=\"service-item\">\n\t\t\t\t\t\t\t\t\t\t\t\t\t\t\t\t\t\t\t\t\t<div class=\"icon\">\n\t\t\t\t\t\t\t\t\t\t\t\t\t\t\t\t\t\t<svg aria-hidden=\"true\" class=\"e-font-icon-svg e-fas-film\" viewBox=\"0 0 512 512\" xmlns=\"http:\/\/www.w3.org\/2000\/svg\"><path d=\"M488 64h-8v20c0 6.6-5.4 12-12 12h-40c-6.6 0-12-5.4-12-12V64H96v20c0 6.6-5.4 12-12 12H44c-6.6 0-12-5.4-12-12V64h-8C10.7 64 0 74.7 0 88v336c0 13.3 10.7 24 24 24h8v-20c0-6.6 5.4-12 12-12h40c6.6 0 12 5.4 12 12v20h320v-20c0-6.6 5.4-12 12-12h40c6.6 0 12 5.4 12 12v20h8c13.3 0 24-10.7 24-24V88c0-13.3-10.7-24-24-24zM96 372c0 6.6-5.4 12-12 12H44c-6.6 0-12-5.4-12-12v-40c0-6.6 5.4-12 12-12h40c6.6 0 12 5.4 12 12v40zm0-96c0 6.6-5.4 12-12 12H44c-6.6 0-12-5.4-12-12v-40c0-6.6 5.4-12 12-12h40c6.6 0 12 5.4 12 12v40zm0-96c0 6.6-5.4 12-12 12H44c-6.6 0-12-5.4-12-12v-40c0-6.6 5.4-12 12-12h40c6.6 0 12 5.4 12 12v40zm272 208c0 6.6-5.4 12-12 12H156c-6.6 0-12-5.4-12-12v-96c0-6.6 5.4-12 12-12h200c6.6 0 12 5.4 12 12v96zm0-168c0 6.6-5.4 12-12 12H156c-6.6 0-12-5.4-12-12v-96c0-6.6 5.4-12 12-12h200c6.6 0 12 5.4 12 12v96zm112 152c0 6.6-5.4 12-12 12h-40c-6.6 0-12-5.4-12-12v-40c0-6.6 5.4-12 12-12h40c6.6 0 12 5.4 12 12v40zm0-96c0 6.6-5.4 12-12 12h-40c-6.6 0-12-5.4-12-12v-40c0-6.6 5.4-12 12-12h40c6.6 0 12 5.4 12 12v40zm0-96c0 6.6-5.4 12-12 12h-40c-6.6 0-12-5.4-12-12v-40c0-6.6 5.4-12 12-12h40c6.6 0 12 5.4 12 12v40z\"><\/path><\/svg>\t\t\t\t\t\t\t\t\t\t\t\t\t\t\t\t\t<\/div>\n\t\t\t\t\t\t\t\t\t\t\t\t\t\t\t\t\t\t\t\t\t\t\t\t\t\t\t\t\t\t\t\t\t\t<div class=\"name\">\n\t\t\t\t\t\t\t\t\t<span >\n\t\t\t\t\t\t\t\t\t\tCreaci\u00f3n y Producci\u00f3n Digital\t\t\t\t\t\t\t\t\t<\/span>\n\t\t\t\t\t\t\t\t<\/div>\n\t\t\t\t\t\t\t\t\t\t\t\t\t\t\t\t\t\t\t\t\t\t\t\t\t\t<div class=\"desc\">\n\t\t\t\t\t\t\t\t<div >\n\t\t\t\t\t\t\t\t\t<p>Dise\u00f1o Gr\u00e1fico y 3D. Edici\u00f3n de Audio y V\u00eddeo.<\/p>\t\t\t\t\t\t\t\t<\/div>\n\t\t\t\t\t\t\t<\/div>\n\t\t\t\t\t\t\t\t\t\t\t<\/div>\n\t\t\t\t<\/div>\n\t\t\t\t\t\t\t\t<!-- service item -->\n\t\t\t\t<div class=\"col col-d-6 col-t-6 col-m-12 border-line-h\">\n\t\t\t\t\t<div class=\"service-item\">\n\t\t\t\t\t\t\t\t\t\t\t\t\t\t\t\t\t\t\t\t\t<div class=\"icon\">\n\t\t\t\t\t\t\t\t\t\t\t\t\t\t\t\t\t\t<svg aria-hidden=\"true\" class=\"e-font-icon-svg e-fas-bullhorn\" viewBox=\"0 0 576 512\" xmlns=\"http:\/\/www.w3.org\/2000\/svg\"><path d=\"M576 240c0-23.63-12.95-44.04-32-55.12V32.01C544 23.26 537.02 0 512 0c-7.12 0-14.19 2.38-19.98 7.02l-85.03 68.03C364.28 109.19 310.66 128 256 128H64c-35.35 0-64 28.65-64 64v96c0 35.35 28.65 64 64 64h33.7c-1.39 10.48-2.18 21.14-2.18 32 0 39.77 9.26 77.35 25.56 110.94 5.19 10.69 16.52 17.06 28.4 17.06h74.28c26.05 0 41.69-29.84 25.9-50.56-16.4-21.52-26.15-48.36-26.15-77.44 0-11.11 1.62-21.79 4.41-32H256c54.66 0 108.28 18.81 150.98 52.95l85.03 68.03a32.023 32.023 0 0 0 19.98 7.02c24.92 0 32-22.78 32-32V295.13C563.05 284.04 576 263.63 576 240zm-96 141.42l-33.05-26.44C392.95 311.78 325.12 288 256 288v-96c69.12 0 136.95-23.78 190.95-66.98L480 98.58v282.84z\"><\/path><\/svg>\t\t\t\t\t\t\t\t\t\t\t\t\t\t\t\t\t<\/div>\n\t\t\t\t\t\t\t\t\t\t\t\t\t\t\t\t\t\t\t\t\t\t\t\t\t\t\t\t\t\t\t\t\t\t<div class=\"name\">\n\t\t\t\t\t\t\t\t\t<span >\n\t\t\t\t\t\t\t\t\t\tEventos\t\t\t\t\t\t\t\t\t<\/span>\n\t\t\t\t\t\t\t\t<\/div>\n\t\t\t\t\t\t\t\t\t\t\t\t\t\t\t\t\t\t\t\t\t\t\t\t\t\t<div class=\"desc\">\n\t\t\t\t\t\t\t\t<div >\n\t\t\t\t\t\t\t\t\t<p>Organizaci\u00f3n de eventos\u00a0<\/p>\t\t\t\t\t\t\t\t<\/div>\n\t\t\t\t\t\t\t<\/div>\n\t\t\t\t\t\t\t\t\t\t\t<\/div>\n\t\t\t\t<\/div>\n\t\t\t\t\t\t\t\t<!-- service item -->\n\t\t\t\t<div class=\"col col-d-6 col-t-6 col-m-12 border-line-h\">\n\t\t\t\t\t<div class=\"service-item\">\n\t\t\t\t\t\t\t\t\t\t\t\t\t\t\t\t\t\t\t\t\t<div class=\"icon\">\n\t\t\t\t\t\t\t\t\t\t\t\t\t\t\t\t\t\t<svg aria-hidden=\"true\" class=\"e-font-icon-svg e-fas-chalkboard-teacher\" viewBox=\"0 0 640 512\" xmlns=\"http:\/\/www.w3.org\/2000\/svg\"><path d=\"M208 352c-2.39 0-4.78.35-7.06 1.09C187.98 357.3 174.35 360 160 360c-14.35 0-27.98-2.7-40.95-6.91-2.28-.74-4.66-1.09-7.05-1.09C49.94 352-.33 402.48 0 464.62.14 490.88 21.73 512 48 512h224c26.27 0 47.86-21.12 48-47.38.33-62.14-49.94-112.62-112-112.62zm-48-32c53.02 0 96-42.98 96-96s-42.98-96-96-96-96 42.98-96 96 42.98 96 96 96zM592 0H208c-26.47 0-48 22.25-48 49.59V96c23.42 0 45.1 6.78 64 17.8V64h352v288h-64v-64H384v64h-76.24c19.1 16.69 33.12 38.73 39.69 64H592c26.47 0 48-22.25 48-49.59V49.59C640 22.25 618.47 0 592 0z\"><\/path><\/svg>\t\t\t\t\t\t\t\t\t\t\t\t\t\t\t\t\t<\/div>\n\t\t\t\t\t\t\t\t\t\t\t\t\t\t\t\t\t\t\t\t\t\t\t\t\t\t\t\t\t\t\t\t\t\t<div class=\"name\">\n\t\t\t\t\t\t\t\t\t<span >\n\t\t\t\t\t\t\t\t\t\tFormaci\u00f3n\t\t\t\t\t\t\t\t\t<\/span>\n\t\t\t\t\t\t\t\t<\/div>\n\t\t\t\t\t\t\t\t\t\t\t\t\t\t\t\t\t\t\t\t\t\t\t\t\t\t<div class=\"desc\">\n\t\t\t\t\t\t\t\t<div >\n\t\t\t\t\t\t\t\t\t<p>Formaci\u00f3n tecnol\u00f3gica especializada y adaptada a cada alumno.<\/p>\t\t\t\t\t\t\t\t<\/div>\n\t\t\t\t\t\t\t<\/div>\n\t\t\t\t\t\t\t\t\t\t\t<\/div>\n\t\t\t\t<\/div>\n\t\t\t\t\t\t\t<\/div>\n\n\t\t\t<div class=\"clear\"><\/div>\n\n\t\t\t\n\t\t<\/div>\n\n\t\t\t\t\t\t<\/div>\n\t\t\t\t<\/div>\n\t\t\t\t\t<\/div>\n\t\t<\/div>\n\t\t\t\t\t<\/div>\n\t\t<\/section>\n\t\t<div class=\"elementor-element elementor-element-913362f e-flex e-con-boxed e-con e-parent\" data-id=\"913362f\" data-element_type=\"container\">\n\t\t\t\t\t<div class=\"e-con-inner\">\n\t\t\t\t<div class=\"elementor-element elementor-element-a5a8865 elementor-widget elementor-widget-ryancv-quote\" data-id=\"a5a8865\" data-element_type=\"widget\" data-widget_type=\"ryancv-quote.default\">\n\t\t\t\t<div class=\"elementor-widget-container\">\n\t\t\t\t\t\n\t\t<!-- Quote -->\n\n\t\t<div class=\"content quote\">\n\n\t\t\t\t\t\t<!-- title -->\n\t\t\t<h2 class=\"title\">\n\t\t\t\t<span >Reflexi\u00f3n desde la experiencia<\/span>\n\t\t\t<\/h2>\n\t\t\t\n\t\t\t<!-- content -->\n\t\t\t<div class=\"row\">\n\t\t\t\t<div class=\"col col-d-12 col-t-12 col-m-12 border-line-v\">\n\t\t\t\t\t<div class=\"revs-item\">\n\t\t\t\t\t\t\t\t\t\t\t\t<div class=\"text\">\n\t\t\t\t\t\t\t<div >\n\t\t\t\t\t\t\t\t\u00bfCarreteras? A donde vamos, no necesitamos carreteras.\t\t\t\t\t\t\t<\/div>\n\t\t\t\t\t\t<\/div>\n\t\t\t\t\t\t\t\t\t\t\t\t<div class=\"user\">\n\t\t\t\t\t\t\t\t\t\t\t\t\t\t<div class=\"img\">\n\t\t\t\t\t\t\t\t<img decoding=\"async\" src=\"https:\/\/www.joluga.es\/cv\/wp-content\/uploads\/2026\/01\/doc-emmett-brown-184x138.png\" alt=\"Doc Emmett Brown\" \/>\n\t\t\t\t\t\t\t<\/div>\n\t\t\t\t\t\t\t\t\t\t\t\t\t\t<div class=\"info\">\n\t\t\t\t\t\t\t\t\t\t\t\t\t\t\t\t<div class=\"name\">Doc Emmett Brown<\/div>\n\t\t\t\t\t\t\t\t\t\t\t\t\t\t\t\t\t\t\t\t\t\t\t\t<div class=\"company\">Regreso al Futuro (1985)<\/div>\n\t\t\t\t\t\t\t\t\t\t\t\t\t\t\t<\/div>\n\t\t\t\t\t\t\t<div class=\"clear\"><\/div>\n\t\t\t\t\t\t<\/div>\n\t\t\t\t\t<\/div>\n\t\t\t\t<\/div>\n\t\t\t\t<div class=\"clear\"><\/div>\n\t\t\t<\/div>\n\n\t\t<\/div>\n\n\t\t\t\t\t\t<\/div>\n\t\t\t\t<\/div>\n\t\t\t\t<div class=\"elementor-element elementor-element-98e78db elementor-widget elementor-widget-text-editor\" data-id=\"98e78db\" data-element_type=\"widget\" data-widget_type=\"text-editor.default\">\n\t\t\t\t\t\t\t\t\t<p style=\"text-align: center; display: flex; justify-content: center;\">\n  <img fetchpriority=\"high\" decoding=\"async\" src=\"https:\/\/www.joluga.es\/cv\/wp-content\/uploads\/2026\/01\/delorean.gif\" width=\"300\" height=\"169\" \/>\n<\/p>\t\t\t\t\t\t\t\t<\/div>\n\t\t\t\t\t<\/div>\n\t\t\t\t<\/div>\n\t\t\t\t<\/div>\n\t\t","protected":false},"excerpt":{"rendered":"<p>\u00bfQu\u00e9 tal? \u00a1Con\u00f3ceme un poco m\u00e1s! Soy un apasionado de la tecnolog\u00eda, especialmente de los ordenadores, y desde 2003 trabajo&#8230;<\/p>\n","protected":false},"author":1,"featured_media":0,"parent":0,"menu_order":0,"comment_status":"closed","ping_status":"closed","template":"template-elementor-builder.php","meta":{"_acf_changed":false,"footnotes":""},"class_list":["post-38","page","type-page","status-publish","hentry"],"acf":[],"_links":{"self":[{"href":"https:\/\/www.joluga.es\/cv\/wp-json\/wp\/v2\/pages\/38","targetHints":{"allow":["GET"]}}],"collection":[{"href":"https:\/\/www.joluga.es\/cv\/wp-json\/wp\/v2\/pages"}],"about":[{"href":"https:\/\/www.joluga.es\/cv\/wp-json\/wp\/v2\/types\/page"}],"author":[{"embeddable":true,"href":"https:\/\/www.joluga.es\/cv\/wp-json\/wp\/v2\/users\/1"}],"replies":[{"embeddable":true,"href":"https:\/\/www.joluga.es\/cv\/wp-json\/wp\/v2\/comments?post=38"}],"version-history":[{"count":61,"href":"https:\/\/www.joluga.es\/cv\/wp-json\/wp\/v2\/pages\/38\/revisions"}],"predecessor-version":[{"id":519,"href":"https:\/\/www.joluga.es\/cv\/wp-json\/wp\/v2\/pages\/38\/revisions\/519"}],"wp:attachment":[{"href":"https:\/\/www.joluga.es\/cv\/wp-json\/wp\/v2\/media?parent=38"}],"curies":[{"name":"wp","href":"https:\/\/api.w.org\/{rel}","templated":true}]}}